{"id":127,"date":"2020-07-07T09:56:18","date_gmt":"2020-07-07T09:56:18","guid":{"rendered":"http:\/\/vdc.nikelintheclouds.com\/?page_id=127"},"modified":"2020-07-07T09:56:18","modified_gmt":"2020-07-07T09:56:18","slug":"regala","status":"publish","type":"page","link":"https:\/\/www.vecinodecerbantes.com\/?page_id=127","title":{"rendered":"Regala"},"content":{"rendered":"\n<div class=\"wp-block-columns\">\n<div class=\"wp-block-column\">\n<blockquote class=\"wp-block-quote has-text-align-left\"><p>Pack Rom\u00e1ntico<\/p><cite>Regale una escapada rom\u00e1ntica para disfrutarla con su pareja.<br>&#8211; 1 noche para dos personas.<br>&#8211; Botella de Cava y bombones en la habitaci\u00f3n a su llegada.<br>PVP: Consultar.<\/cite><\/blockquote>\n<\/div>\n\n\n\n<div class=\"wp-block-column\">\n<blockquote class=\"wp-block-quote\"><p>Escapada Tur\u00edstica<\/p><cite>Divi\u00e9rtase conociendo Alcal\u00e1 de Henares de la mano de uno de nuestros gu\u00edas tur\u00edsticos profesionales.<br>Consultar precios y disponibilidad.<\/cite><\/blockquote>\n<\/div>\n\n\n\n<div class=\"wp-block-column\">\n<blockquote class=\"wp-block-quote\"><p>Pack Gastron\u00f3mico<\/p><cite>&#8211; 2 noches para dos personas.<br>&#8211; Comida en uno de nuestros restaurantes asociados para dos personas (previa reserva).<br>PVP:Consultar<\/cite><\/blockquote>\n<\/div>\n<\/div>\n\n\n\n<p><\/p>\n","protected":false},"excerpt":{"rendered":"<p>Pack Rom\u00e1ntico Regale una escapada rom\u00e1ntica para disfrutarla con su pareja.&#8211; 1 noche para dos personas.&#8211; Botella de Cava y bombones en la habitaci\u00f3n a su llegada.PVP: Consultar. Escapada Tur\u00edstica &#8230; <\/p>\n<div class=\"text-center\"><a class=\"more-link\" href=\"https:\/\/www.vecinodecerbantes.com\/?page_id=127\">Read More <i class=\"fa fa-angle-double-right\"><\/i><\/a><\/div>\n","protected":false},"author":1,"featured_media":0,"parent":0,"menu_order":0,"comment_status":"closed","ping_status":"closed","template":"","meta":{"_monsterinsights_skip_tracking":false,"_monsterinsights_sitenote_active":false,"_monsterinsights_sitenote_note":"","_monsterinsights_sitenote_category":0,"ngg_post_thumbnail":0},"yoast_head":"<!-- This site is optimized with the Yoast SEO plugin v16.3 - https:\/\/yoast.com\/wordpress\/plugins\/seo\/ -->\n<title>Regala - Vecinodecerbantes<\/title>\n<meta name=\"robots\" content=\"index, follow, max-snippet:-1, max-image-preview:large, max-video-preview:-1\" \/>\n<link rel=\"canonical\" href=\"https:\/\/www.vecinodecerbantes.com\/?page_id=127\" \/>\n<meta property=\"og:locale\" content=\"es_ES\" \/>\n<meta property=\"og:type\" content=\"article\" \/>\n<meta property=\"og:title\" content=\"Regala - Vecinodecerbantes\" \/>\n<meta property=\"og:description\" content=\"Pack Rom\u00e1ntico Regale una escapada rom\u00e1ntica para disfrutarla con su pareja.&#8211; 1 noche para dos personas.&#8211; Botella de Cava y bombones en la habitaci\u00f3n a su llegada.PVP: Consultar. Escapada Tur\u00edstica ... Read More\" \/>\n<meta property=\"og:url\" content=\"https:\/\/www.vecinodecerbantes.com\/?page_id=127\" \/>\n<meta property=\"og:site_name\" content=\"Vecinodecerbantes\" \/>\n<meta name=\"twitter:card\" content=\"summary_large_image\" \/>\n<script type=\"application\/ld+json\" class=\"yoast-schema-graph\">{\"@context\":\"https:\/\/schema.org\",\"@graph\":[{\"@type\":\"WebSite\",\"@id\":\"https:\/\/www.vecinodecerbantes.com\/#website\",\"url\":\"https:\/\/www.vecinodecerbantes.com\/\",\"name\":\"Vecinodecerbantes\",\"description\":\"\",\"potentialAction\":[{\"@type\":\"SearchAction\",\"target\":\"https:\/\/www.vecinodecerbantes.com\/?s={search_term_string}\",\"query-input\":\"required name=search_term_string\"}],\"inLanguage\":\"es\"},{\"@type\":\"WebPage\",\"@id\":\"https:\/\/www.vecinodecerbantes.com\/?page_id=127#webpage\",\"url\":\"https:\/\/www.vecinodecerbantes.com\/?page_id=127\",\"name\":\"Regala - Vecinodecerbantes\",\"isPartOf\":{\"@id\":\"https:\/\/www.vecinodecerbantes.com\/#website\"},\"datePublished\":\"2020-07-07T09:56:18+00:00\",\"dateModified\":\"2020-07-07T09:56:18+00:00\",\"breadcrumb\":{\"@id\":\"https:\/\/www.vecinodecerbantes.com\/?page_id=127#breadcrumb\"},\"inLanguage\":\"es\",\"potentialAction\":[{\"@type\":\"ReadAction\",\"target\":[\"https:\/\/www.vecinodecerbantes.com\/?page_id=127\"]}]},{\"@type\":\"BreadcrumbList\",\"@id\":\"https:\/\/www.vecinodecerbantes.com\/?page_id=127#breadcrumb\",\"itemListElement\":[{\"@type\":\"ListItem\",\"position\":1,\"item\":{\"@type\":\"WebPage\",\"@id\":\"https:\/\/www.vecinodecerbantes.com\/\",\"url\":\"https:\/\/www.vecinodecerbantes.com\/\",\"name\":\"Home\"}},{\"@type\":\"ListItem\",\"position\":2,\"item\":{\"@id\":\"https:\/\/www.vecinodecerbantes.com\/?page_id=127#webpage\"}}]}]}<\/script>\n<!-- \/ Yoast SEO plugin. -->","_links":{"self":[{"href":"https:\/\/www.vecinodecerbantes.com\/index.php?rest_route=\/wp\/v2\/pages\/127"}],"collection":[{"href":"https:\/\/www.vecinodecerbantes.com\/index.php?rest_route=\/wp\/v2\/pages"}],"about":[{"href":"https:\/\/www.vecinodecerbantes.com\/index.php?rest_route=\/wp\/v2\/types\/page"}],"author":[{"embeddable":true,"href":"https:\/\/www.vecinodecerbantes.com\/index.php?rest_route=\/wp\/v2\/users\/1"}],"replies":[{"embeddable":true,"href":"https:\/\/www.vecinodecerbantes.com\/index.php?rest_route=%2Fwp%2Fv2%2Fcomments&post=127"}],"version-history":[{"count":0,"href":"https:\/\/www.vecinodecerbantes.com\/index.php?rest_route=\/wp\/v2\/pages\/127\/revisions"}],"wp:attachment":[{"href":"https:\/\/www.vecinodecerbantes.com\/index.php?rest_route=%2Fwp%2Fv2%2Fmedia&parent=127"}],"curies":[{"name":"wp","href":"https:\/\/api.w.org\/{rel}","templated":true}]}}