{"id":84,"date":"2020-07-07T07:32:26","date_gmt":"2020-07-07T07:32:26","guid":{"rendered":"http:\/\/vdc.nikelintheclouds.com\/?page_id=84"},"modified":"2023-08-30T15:41:34","modified_gmt":"2023-08-30T15:41:34","slug":"cocina-compartida","status":"publish","type":"page","link":"https:\/\/www.vecinodecerbantes.com\/?page_id=84","title":{"rendered":"Cocina Compartida"},"content":{"rendered":"\n<p>T\u00f3mate un delicioso caf\u00e9 o una suave infusi\u00f3n, corre por nuestra cuenta..!!!<\/p>\n\n\n\n<p>Adem\u00e1s, nuestras instalaciones cuentan con una cocina compartida con todos los utensilios disponibles para que puedas preparar tu propia comida.<\/p>\n\n\n\n<p>no se han encontrado im\u00e1genes<\/p>\n\n\n\n\n<p><\/p>\n","protected":false},"excerpt":{"rendered":"<p>T\u00f3mate un delicioso caf\u00e9 o una suave infusi\u00f3n, corre por nuestra cuenta..!!! Adem\u00e1s, nuestras instalaciones cuentan con una cocina compartida con todos los utensilios disponibles para que puedas preparar tu &#8230; <\/p>\n<div class=\"text-center\"><a class=\"more-link\" href=\"https:\/\/www.vecinodecerbantes.com\/?page_id=84\">Read More <i class=\"fa fa-angle-double-right\"><\/i><\/a><\/div>\n","protected":false},"author":1,"featured_media":0,"parent":0,"menu_order":0,"comment_status":"closed","ping_status":"closed","template":"","meta":{"_monsterinsights_skip_tracking":false,"_monsterinsights_sitenote_active":false,"_monsterinsights_sitenote_note":"","_monsterinsights_sitenote_category":0,"ngg_post_thumbnail":0},"yoast_head":"<!-- This site is optimized with the Yoast SEO plugin v16.3 - https:\/\/yoast.com\/wordpress\/plugins\/seo\/ -->\n<title>Cocina Compartida - Vecinodecerbantes<\/title>\n<meta name=\"robots\" content=\"index, follow, max-snippet:-1, max-image-preview:large, max-video-preview:-1\" \/>\n<link rel=\"canonical\" href=\"https:\/\/www.vecinodecerbantes.com\/?page_id=84\" \/>\n<meta property=\"og:locale\" content=\"es_ES\" \/>\n<meta property=\"og:type\" content=\"article\" \/>\n<meta property=\"og:title\" content=\"Cocina Compartida - Vecinodecerbantes\" \/>\n<meta property=\"og:description\" content=\"T\u00f3mate un delicioso caf\u00e9 o una suave infusi\u00f3n, corre por nuestra cuenta..!!! Adem\u00e1s, nuestras instalaciones cuentan con una cocina compartida con todos los utensilios disponibles para que puedas preparar tu ... Read More\" \/>\n<meta property=\"og:url\" content=\"https:\/\/www.vecinodecerbantes.com\/?page_id=84\" \/>\n<meta property=\"og:site_name\" content=\"Vecinodecerbantes\" \/>\n<meta property=\"article:modified_time\" content=\"2023-08-30T15:41:34+00:00\" \/>\n<meta name=\"twitter:card\" content=\"summary_large_image\" \/>\n<meta name=\"twitter:label1\" content=\"Tiempo de lectura\">\n\t<meta name=\"twitter:data1\" content=\"1 minuto\">\n<script type=\"application\/ld+json\" class=\"yoast-schema-graph\">{\"@context\":\"https:\/\/schema.org\",\"@graph\":[{\"@type\":\"WebSite\",\"@id\":\"https:\/\/www.vecinodecerbantes.com\/#website\",\"url\":\"https:\/\/www.vecinodecerbantes.com\/\",\"name\":\"Vecinodecerbantes\",\"description\":\"\",\"potentialAction\":[{\"@type\":\"SearchAction\",\"target\":\"https:\/\/www.vecinodecerbantes.com\/?s={search_term_string}\",\"query-input\":\"required name=search_term_string\"}],\"inLanguage\":\"es\"},{\"@type\":\"WebPage\",\"@id\":\"https:\/\/www.vecinodecerbantes.com\/?page_id=84#webpage\",\"url\":\"https:\/\/www.vecinodecerbantes.com\/?page_id=84\",\"name\":\"Cocina Compartida - Vecinodecerbantes\",\"isPartOf\":{\"@id\":\"https:\/\/www.vecinodecerbantes.com\/#website\"},\"datePublished\":\"2020-07-07T07:32:26+00:00\",\"dateModified\":\"2023-08-30T15:41:34+00:00\",\"breadcrumb\":{\"@id\":\"https:\/\/www.vecinodecerbantes.com\/?page_id=84#breadcrumb\"},\"inLanguage\":\"es\",\"potentialAction\":[{\"@type\":\"ReadAction\",\"target\":[\"https:\/\/www.vecinodecerbantes.com\/?page_id=84\"]}]},{\"@type\":\"BreadcrumbList\",\"@id\":\"https:\/\/www.vecinodecerbantes.com\/?page_id=84#breadcrumb\",\"itemListElement\":[{\"@type\":\"ListItem\",\"position\":1,\"item\":{\"@type\":\"WebPage\",\"@id\":\"https:\/\/www.vecinodecerbantes.com\/\",\"url\":\"https:\/\/www.vecinodecerbantes.com\/\",\"name\":\"Home\"}},{\"@type\":\"ListItem\",\"position\":2,\"item\":{\"@id\":\"https:\/\/www.vecinodecerbantes.com\/?page_id=84#webpage\"}}]}]}<\/script>\n<!-- \/ Yoast SEO plugin. -->","_links":{"self":[{"href":"https:\/\/www.vecinodecerbantes.com\/index.php?rest_route=\/wp\/v2\/pages\/84"}],"collection":[{"href":"https:\/\/www.vecinodecerbantes.com\/index.php?rest_route=\/wp\/v2\/pages"}],"about":[{"href":"https:\/\/www.vecinodecerbantes.com\/index.php?rest_route=\/wp\/v2\/types\/page"}],"author":[{"embeddable":true,"href":"https:\/\/www.vecinodecerbantes.com\/index.php?rest_route=\/wp\/v2\/users\/1"}],"replies":[{"embeddable":true,"href":"https:\/\/www.vecinodecerbantes.com\/index.php?rest_route=%2Fwp%2Fv2%2Fcomments&post=84"}],"version-history":[{"count":2,"href":"https:\/\/www.vecinodecerbantes.com\/index.php?rest_route=\/wp\/v2\/pages\/84\/revisions"}],"predecessor-version":[{"id":972,"href":"https:\/\/www.vecinodecerbantes.com\/index.php?rest_route=\/wp\/v2\/pages\/84\/revisions\/972"}],"wp:attachment":[{"href":"https:\/\/www.vecinodecerbantes.com\/index.php?rest_route=%2Fwp%2Fv2%2Fmedia&parent=84"}],"curies":[{"name":"wp","href":"https:\/\/api.w.org\/{rel}","templated":true}]}}